{"id":50,"date":"2024-07-08T10:18:08","date_gmt":"2024-07-08T08:18:08","guid":{"rendered":"https:\/\/axxonsolar.net\/eksempel-side\/"},"modified":"2024-07-10T13:41:38","modified_gmt":"2024-07-10T11:41:38","slug":"eksempel-side","status":"publish","type":"page","link":"https:\/\/axxonsolar.net\/no\/","title":{"rendered":"Forside"},"content":{"rendered":"\n<section class=\"wp-block-solar-sub-cover-slider mt-sub-cover-slider\"><div class=\"mt-sub-cover-slider__wrapper\"><div class=\"mt-sub-cover-slider__inner swiper\"><div class=\"swiper-wrapper\">\n<div class=\"wp-block-solar-sub-cover-slide mt-sub-cover-slide swiper-slide\"><div class=\"mt-sub-cover-slide__inner page-container\"><div class=\"mt-sub-cover-slide__content-container\"><p class=\"mt-sub-cover-slide__tagline tagline tagline--inverted\"><\/p><h1 class=\"mt-sub-cover-slide__title title title--inverted\">Solar Security<\/h1><p class=\"mt-sub-cover-slide__text\"><\/p><\/div><\/div><div class=\"mt-sub-cover-slide__media-container\"><div class=\"mt-sub-cover-slide__media-overlay\" style=\"opacity:0.5\"><\/div><img decoding=\"async\" src=\"https:\/\/axxonsolar.net\/wp-content\/uploads\/sites\/2\/2024\/07\/cropped-cropped-maxresdefault.jpg\" alt=\"\" class=\"mt-sub-cover-slide__image\"\/><\/div><\/div>\n<\/div><div class=\"mt-sub-cover-slider__controls\"><div class=\"mt-sub-cover-slider__controls-right\"><div class=\"swiper-pagination\"><\/div><\/div><\/div><\/div><\/div><\/section>\n\n\n\n<section class=\"wp-block-solar-icon-text-boxes mt-icon-text-boxes mt-icon-text-boxes--columns-3 mtSpacing-defaultHasBeenAdded-true mtSpacing-bottom-medium mtSpacing-top-small\"><div class=\"mt-icon-text-boxes__inner page-container\"><div class=\"mt-icon-text-boxes__text-wrapper\"><h2 class=\"mt-icon-text-boxes__title title title--h2\">AXXON-LISENSH\u00c5NDTERING<\/h2><p class=\"mt-icon-text-boxes__text\"><strong><strong>Velg nedenfor:<\/strong><\/strong><\/p><\/div><div class=\"mt-icon-text-boxes__items\">\n<div class=\"wp-block-solar-icon-text-box mt-icon-text-box\"><a class=\"mt-icon-text-box__link\" href=\"https:\/\/axxonsolar.net\/no\/axxon-bestil-ny-licens\/\" target=\"_self\" rel=\"noopener\"><\/a><div class=\"mt-icon-text-box__text-wrapper\"><h4 class=\"mt-icon-text-box__title mt-title\">Ny installasjon<\/h4><p class=\"mt-icon-text-box__sub-title mt-wysiwyg\"><\/p><\/div><\/div>\n\n\n\n<div class=\"wp-block-solar-icon-text-box mt-icon-text-box\"><a class=\"mt-icon-text-box__link\" href=\"https:\/\/axxonsolar.net\/no\/axxon-udvid-eksisterende-licens\/\" target=\"_self\" rel=\"noopener\"><\/a><div class=\"mt-icon-text-box__text-wrapper\"><h4 class=\"mt-icon-text-box__title mt-title\">Eksisterende<\/h4><p class=\"mt-icon-text-box__sub-title mt-wysiwyg\"><\/p><\/div><\/div>\n\n\n\n<div class=\"wp-block-solar-icon-text-box mt-icon-text-box\"><a class=\"mt-icon-text-box__link\" href=\"https:\/\/axxonsolar.net\/no\/axxon-licens-bestilling-vendor\/\" target=\"_self\" rel=\"noopener\"><\/a><div class=\"mt-icon-text-box__text-wrapper\"><h4 class=\"mt-icon-text-box__title mt-title\">Demo (Gratis 35 dager)<\/h4><p class=\"mt-icon-text-box__sub-title mt-wysiwyg\"><\/p><\/div><\/div>\n<\/div><\/div><\/section>\n\n\n\n<section class=\"wp-block-solar-blog-post-content mt-blog-post-content mtSpacing-bottom-medium\"><div class=\"mt-blog-post-content__inner page-container\"><div class=\"mt-blog-post-content__items wysiwyg\">\n<p><strong>Anv\u00e4ndbara sidor:<\/strong><\/p>\n\n\n\n<p><\/p>\n\n\n\n<ul class=\"wp-block-list\">\n<li><strong><a href=\"https:\/\/sale.axxonsoft.com\/sale\/secure\/system\/systemDecode.jsf;jsessionid=CEB4889BBFE4150438B4B67C089C3A70\" target=\"_blank\" rel=\"noreferrer noopener\">Se hva lisensfilen din inneholder<\/a>\u00a0<a href=\"https:\/\/id.axxonsoft.com\/registration\/register\" target=\"_blank\" rel=\"noreferrer noopener\">(Krever p\u00e5logging \u2013 F\u00e5 en her)<\/a><\/strong><\/li>\n\n\n\n<li><a href=\"https:\/\/sale.axxonsoft.com\/calc\/calculator.jsf\"><\/a><a href=\"https:\/\/sale.axxonsoft.com\/calc\/calculator.jsf\" target=\"_blank\" rel=\"noreferrer noopener\">Axxon beregner plattform<\/a><\/li>\n\n\n\n<li><strong><a href=\"https:\/\/support.axxonsoft.com\/jira\/secure\/Dashboard.jspa\" target=\"_blank\" rel=\"noreferrer noopener\">Axxon Support Ticket system<\/a>\u00a0<a href=\"https:\/\/id.axxonsoft.com\/registration\/register\" target=\"_blank\" rel=\"noreferrer noopener\">(Krever p\u00e5logging \u2013 F\u00e5 en her)<\/a><\/strong><\/li>\n\n\n\n<li><a href=\"https:\/\/docs.axxonsoft.com\/confluence\/display\/ASdoc\/Documentation\"><\/a><strong><a href=\"https:\/\/docs.axxonsoft.com\/confluence\/display\/ASdoc\/Documentation\" target=\"_blank\" rel=\"noreferrer noopener\">Axxon dokumentasjon og veiledninger<\/a><\/strong><\/li>\n\n\n\n<li><a href=\"https:\/\/axxonnet.com\/\"><\/a><strong><a href=\"https:\/\/axxonnet.com\/\" target=\"_blank\" rel=\"noreferrer noopener\">AxxonNet Cloud Platform<\/a><\/strong><\/li>\n\n\n\n<li><a href=\"https:\/\/www.axxonsoft.com\/support\/downloads\"><\/a><strong><a href=\"https:\/\/www.axxonsoft.com\/support\/downloads\" target=\"_blank\" rel=\"noreferrer noopener\">Last ned Axxon programvare<\/a><\/strong><\/li>\n<\/ul>\n<\/div><\/div><\/section>\n\n\n\n<section class=\"wp-block-solar-info-banner mt-info-banner\"><div class=\"mt-info-banner__inner page-container\"><h3 class=\"mt-info-banner__title\"><strong><strong>Vi anbefaler alltid bruk av Guardant Dongle 54.85.324.018, for \u00e5 unng\u00e5 lisensl\u00e5sing p\u00e5 grunn av maskinvareendringer.<br>En lisens uten en Guardant-dongle l\u00e5ser seg til datamaskinen den er installert p\u00e5 og kan ikke flyttes.<\/strong><\/strong><\/h3><p class=\"mt-info-banner__text\"><\/p><\/div><\/section>\n","protected":false},"excerpt":{"rendered":"","protected":false},"author":2,"featured_media":0,"parent":0,"menu_order":0,"comment_status":"closed","ping_status":"closed","template":"","meta":{"_acf_changed":false,"footnotes":""},"class_list":["post-50","page","type-page","status-publish","hentry"],"acf":[],"_links":{"self":[{"href":"https:\/\/axxonsolar.net\/no\/wp-json\/wp\/v2\/pages\/50","targetHints":{"allow":["GET"]}}],"collection":[{"href":"https:\/\/axxonsolar.net\/no\/wp-json\/wp\/v2\/pages"}],"about":[{"href":"https:\/\/axxonsolar.net\/no\/wp-json\/wp\/v2\/types\/page"}],"author":[{"embeddable":true,"href":"https:\/\/axxonsolar.net\/no\/wp-json\/wp\/v2\/users\/2"}],"replies":[{"embeddable":true,"href":"https:\/\/axxonsolar.net\/no\/wp-json\/wp\/v2\/comments?post=50"}],"version-history":[{"count":5,"href":"https:\/\/axxonsolar.net\/no\/wp-json\/wp\/v2\/pages\/50\/revisions"}],"predecessor-version":[{"id":110,"href":"https:\/\/axxonsolar.net\/no\/wp-json\/wp\/v2\/pages\/50\/revisions\/110"}],"wp:attachment":[{"href":"https:\/\/axxonsolar.net\/no\/wp-json\/wp\/v2\/media?parent=50"}],"curies":[{"name":"wp","href":"https:\/\/api.w.org\/{rel}","templated":true}]}}