{"id":66,"date":"2024-07-10T09:57:40","date_gmt":"2024-07-10T07:57:40","guid":{"rendered":"https:\/\/axxonsolar.net\/?page_id=66"},"modified":"2024-07-10T11:02:00","modified_gmt":"2024-07-10T09:02:00","slug":"axxon-licens-bestilling-vendor","status":"publish","type":"page","link":"https:\/\/axxonsolar.net\/no\/axxon-licens-bestilling-vendor\/","title":{"rendered":"Axxon licens bestilling vendor"},"content":{"rendered":"\n<section class=\"wp-block-solar-sub-cover-slider mt-sub-cover-slider\"><div class=\"mt-sub-cover-slider__wrapper\"><div class=\"mt-sub-cover-slider__inner swiper\"><div class=\"swiper-wrapper\">\n<div class=\"wp-block-solar-sub-cover-slide mt-sub-cover-slide swiper-slide\"><div class=\"mt-sub-cover-slide__inner page-container\"><div class=\"mt-sub-cover-slide__content-container\"><p class=\"mt-sub-cover-slide__tagline tagline tagline--inverted\"><\/p><h1 class=\"mt-sub-cover-slide__title title title--inverted\">Solar Security<\/h1><p class=\"mt-sub-cover-slide__text\"><\/p><\/div><\/div><div class=\"mt-sub-cover-slide__media-container\"><div class=\"mt-sub-cover-slide__media-overlay\" style=\"opacity:0.5\"><\/div><img decoding=\"async\" src=\"https:\/\/axxonsolar.net\/wp-content\/uploads\/sites\/2\/2024\/07\/cropped-cropped-maxresdefault.jpg\" alt=\"\" class=\"mt-sub-cover-slide__image\"\/><\/div><\/div>\n<\/div><div class=\"mt-sub-cover-slider__controls\"><div class=\"mt-sub-cover-slider__controls-right\"><div class=\"swiper-pagination\"><\/div><\/div><\/div><\/div><\/div><\/section>\n\n\n\n<section class=\"wp-block-solar-blog-post-content mt-blog-post-content mtSpacing-top-medium mtSpacing-bottom-medium\"><div class=\"mt-blog-post-content__inner page-container\"><div class=\"mt-blog-post-content__items wysiwyg\">\n<h2 class=\"wp-block-heading\">BESTILL DEMO-LISENS (GRATIS 35 DAGER)<\/h2>\n\n\n\n<p><strong><em>Merk: Lisensen er gyldig i 35 dager fra aktiveringsdatoen og inneholder alle funksjoner.<br>Demolisensen er l\u00e5st til datamaskinen den er installert p\u00e5, og kan ikke flyttes etterp\u00e5.<\/em><\/strong><\/p>\n\n\n\n<p><strong><em>Det er kun mulig \u00e5 bestille demolisens ved \u00e5 gj\u00f8re en aktiveringsforesp\u00f8rsel p\u00e5 maskinen den skal installeres p\u00e5, se instruksjoner her:<\/em><\/strong><\/p>\n\n\n\n<p><a href=\"https:\/\/docs.axxonsoft.com\/confluence\/display\/one1en\/Creating+an+activation+request\">https:\/\/docs.axxonsoft.com\/confluence\/display\/one1en\/Creating+an+activation+request<\/a><\/p>\n\n\n\n<p>Alle felt med * er obligatoriske felt.<\/p>\n\n\n\n<div class=\"wp-block-contact-form-7-contact-form-selector\">\n<div class=\"wpcf7 no-js\" id=\"wpcf7-f69-o1\" lang=\"en-US\" dir=\"ltr\" data-wpcf7-id=\"69\">\n<div class=\"screen-reader-response\"><p role=\"status\" aria-live=\"polite\" aria-atomic=\"true\"><\/p> <ul><\/ul><\/div>\n<form action=\"\/no\/wp-json\/wp\/v2\/pages\/66#wpcf7-f69-o1\" method=\"post\" class=\"wpcf7-form init\" aria-label=\"Contact form\" enctype=\"multipart\/form-data\" novalidate=\"novalidate\" data-status=\"init\">\n<fieldset class=\"hidden-fields-container\"><input type=\"hidden\" name=\"_wpcf7\" value=\"69\" \/><input type=\"hidden\" name=\"_wpcf7_version\" value=\"6.1.5\" \/><input type=\"hidden\" name=\"_wpcf7_locale\" value=\"en_US\" \/><input type=\"hidden\" name=\"_wpcf7_unit_tag\" value=\"wpcf7-f69-o1\" \/><input type=\"hidden\" name=\"_wpcf7_container_post\" value=\"0\" \/><input type=\"hidden\" name=\"_wpcf7_posted_data_hash\" value=\"\" \/>\n<\/fieldset>\n<div id=\"honey-validation\">\n<\/div>\n<div class=\"form-wrap\">\n\t<p class=\"form-wrap__title\">Firmainformasjon\n\t<\/p>\n\t<div class=\"input-wrap input-wrap--half-width\">\n\t\t<p><label> Selskapsnavn* <\/label><br \/>\n<span class=\"wpcf7-form-control-wrap\" data-name=\"your-company\"><input size=\"40\" maxlength=\"400\" class=\"wpcf7-form-control wpcf7-text wpcf7-validates-as-required\" aria-required=\"true\" aria-invalid=\"false\" value=\"\" type=\"text\" name=\"your-company\" \/><\/span>\n\t\t<\/p>\n\t<\/div>\n\t<div class=\"input-wrap input-wrap--half-width\">\n\t\t<p><label> Epostadresse* <\/label><br \/>\n<span class=\"wpcf7-form-control-wrap\" data-name=\"your-email\"><input size=\"40\" maxlength=\"400\" class=\"wpcf7-form-control wpcf7-email wpcf7-validates-as-required wpcf7-text wpcf7-validates-as-email\" aria-required=\"true\" aria-invalid=\"false\" value=\"\" type=\"email\" name=\"your-email\" \/><\/span>\n\t\t<\/p>\n\t<\/div>\n\t<div class=\"input-wrap input-wrap--half-width\">\n\t\t<p><label> Kontaktperson* <\/label><br \/>\n<span class=\"wpcf7-form-control-wrap\" data-name=\"your-contact-person\"><input size=\"40\" maxlength=\"400\" class=\"wpcf7-form-control wpcf7-text wpcf7-validates-as-required\" aria-required=\"true\" aria-invalid=\"false\" value=\"\" type=\"text\" name=\"your-contact-person\" \/><\/span>\n\t\t<\/p>\n\t<\/div>\n\t<div class=\"input-wrap input-wrap--half-width\">\n\t\t<p><label> Kontaktperson tlf. nr.* <\/label><br \/>\n<span class=\"wpcf7-form-control-wrap\" data-name=\"your-contact-person-phone\"><input size=\"40\" maxlength=\"400\" class=\"wpcf7-form-control wpcf7-text wpcf7-validates-as-required\" aria-required=\"true\" aria-invalid=\"false\" value=\"\" type=\"text\" name=\"your-contact-person-phone\" \/><\/span>\n\t\t<\/p>\n\t<\/div>\n\t<p class=\"form-wrap__title\">Lisensinformasjon\n\t<\/p>\n\t<div class=\"input-wrap input-wrap--half-width\">\n\t\t<p><label> Forbruker\/Projekt* <\/label><br \/>\n<span class=\"wpcf7-form-control-wrap\" data-name=\"your-project\"><input size=\"40\" maxlength=\"400\" class=\"wpcf7-form-control wpcf7-text wpcf7-validates-as-required\" aria-required=\"true\" aria-invalid=\"false\" value=\"\" type=\"text\" name=\"your-project\" \/><\/span>\n\t\t<\/p>\n\t<\/div>\n\t<div class=\"input-wrap input-wrap--half-width\">\n\t\t<p><label> Activation Request* <\/label><br \/>\n<span class=\"wpcf7-form-control-wrap\" data-name=\"your-activation\"><input size=\"40\" class=\"wpcf7-form-control wpcf7-file wpcf7-validates-as-required\" accept=\"audio\/*,video\/*,image\/*\" aria-required=\"true\" aria-invalid=\"false\" type=\"file\" name=\"your-activation\" \/><\/span>\n\t\t<\/p>\n\t<\/div>\n\t<div class=\"input-wrap input-wrap--half-width\">\n\t\t<p><label> Version* <\/label><br \/>\n<span class=\"wpcf7-form-control-wrap\" data-name=\"your-version\"><span class=\"wpcf7-form-control wpcf7-radio\"><span class=\"wpcf7-list-item first\"><label><input type=\"radio\" name=\"your-version\" value=\"Axxon One - Start\" checked=\"checked\" \/><span class=\"wpcf7-list-item-label\">Axxon One - Start<\/span><\/label><\/span><span class=\"wpcf7-list-item\"><label><input type=\"radio\" name=\"your-version\" value=\"Axxon One - Professional\" \/><span class=\"wpcf7-list-item-label\">Axxon One - Professional<\/span><\/label><\/span><span class=\"wpcf7-list-item\"><label><input type=\"radio\" name=\"your-version\" value=\"Axxon One - Enterprise\" \/><span class=\"wpcf7-list-item-label\">Axxon One - Enterprise<\/span><\/label><\/span><span class=\"wpcf7-list-item last\"><label><input type=\"radio\" name=\"your-version\" value=\"Axxon One - Unified\" \/><span class=\"wpcf7-list-item-label\">Axxon One - Unified<\/span><\/label><\/span><\/span><\/span>\n\t\t<\/p>\n\t<\/div>\n\t<div class=\"input-wrap input-wrap--half-width\">\n\t\t<p><label> Antal lisenser* <\/label><br \/>\n<span class=\"wpcf7-form-control-wrap\" data-name=\"your-licenses\"><input class=\"wpcf7-form-control wpcf7-number wpcf7-validates-as-number\" min=\"1\" max=\"999\" aria-invalid=\"false\" value=\"1\" type=\"number\" name=\"your-licenses\" \/><\/span>\n\t\t<\/p>\n\t<\/div>\n\t<div class=\"textarea-wrap\">\n\t\t<p><label> Eventuelt <\/label><br \/>\n<span class=\"wpcf7-form-control-wrap\" data-name=\"your-message\"><textarea cols=\"40\" rows=\"10\" maxlength=\"2000\" class=\"wpcf7-form-control wpcf7-textarea\" aria-invalid=\"false\" name=\"your-message\"><\/textarea><\/span>\n\t\t<\/p>\n\t<\/div>\n\t<div>\n\t<\/div>\n\t<p><input class=\"wpcf7-form-control wpcf7-submit has-spinner wp-block-button__link wp-element-button\" id=\"submit-contact-us\" type=\"submit\" value=\"Sende\" \/>\n\t<\/p>\n<\/div><div class=\"wpcf7-response-output\" aria-hidden=\"true\"><\/div>\n<\/form>\n<\/div>\n<\/div>\n<\/div><\/div><\/section>\n","protected":false},"excerpt":{"rendered":"","protected":false},"author":1,"featured_media":0,"parent":0,"menu_order":0,"comment_status":"closed","ping_status":"closed","template":"","meta":{"_acf_changed":false,"footnotes":""},"class_list":["post-66","page","type-page","status-publish","hentry"],"acf":[],"_links":{"self":[{"href":"https:\/\/axxonsolar.net\/no\/wp-json\/wp\/v2\/pages\/66","targetHints":{"allow":["GET"]}}],"collection":[{"href":"https:\/\/axxonsolar.net\/no\/wp-json\/wp\/v2\/pages"}],"about":[{"href":"https:\/\/axxonsolar.net\/no\/wp-json\/wp\/v2\/types\/page"}],"author":[{"embeddable":true,"href":"https:\/\/axxonsolar.net\/no\/wp-json\/wp\/v2\/users\/1"}],"replies":[{"embeddable":true,"href":"https:\/\/axxonsolar.net\/no\/wp-json\/wp\/v2\/comments?post=66"}],"version-history":[{"count":3,"href":"https:\/\/axxonsolar.net\/no\/wp-json\/wp\/v2\/pages\/66\/revisions"}],"predecessor-version":[{"id":71,"href":"https:\/\/axxonsolar.net\/no\/wp-json\/wp\/v2\/pages\/66\/revisions\/71"}],"wp:attachment":[{"href":"https:\/\/axxonsolar.net\/no\/wp-json\/wp\/v2\/media?parent=66"}],"curies":[{"name":"wp","href":"https:\/\/api.w.org\/{rel}","templated":true}]}}