{"id":127,"date":"2024-07-10T12:23:49","date_gmt":"2024-07-10T10:23:49","guid":{"rendered":"https:\/\/axxonsolar.net\/axxon-licens-bestilling-udvidelse\/"},"modified":"2024-07-11T12:04:23","modified_gmt":"2024-07-11T10:04:23","slug":"axxon-licens-bestilling-udvidelse","status":"publish","type":"page","link":"https:\/\/axxonsolar.net\/sv\/axxon-licens-bestilling-udvidelse\/","title":{"rendered":"Axxon licens bestilling udvidelse"},"content":{"rendered":"\n<section class=\"wp-block-solar-sub-cover-slider mt-sub-cover-slider\"><div class=\"mt-sub-cover-slider__wrapper\"><div class=\"mt-sub-cover-slider__inner swiper\"><div class=\"swiper-wrapper\">\n<div class=\"wp-block-solar-sub-cover-slide mt-sub-cover-slide swiper-slide\"><div class=\"mt-sub-cover-slide__inner page-container\"><div class=\"mt-sub-cover-slide__content-container\"><p class=\"mt-sub-cover-slide__tagline tagline tagline--inverted\"><\/p><h1 class=\"mt-sub-cover-slide__title title title--inverted\">Solar Security<\/h1><p class=\"mt-sub-cover-slide__text\"><\/p><\/div><\/div><div class=\"mt-sub-cover-slide__media-container\"><div class=\"mt-sub-cover-slide__media-overlay\" style=\"opacity:0.5\"><\/div><img decoding=\"async\" src=\"https:\/\/axxonsolar.net\/wp-content\/uploads\/sites\/2\/2024\/07\/cropped-cropped-maxresdefault.jpg\" alt=\"\" class=\"mt-sub-cover-slide__image\"\/><\/div><\/div>\n<\/div><div class=\"mt-sub-cover-slider__controls\"><div class=\"mt-sub-cover-slider__controls-right\"><div class=\"swiper-pagination\"><\/div><\/div><\/div><\/div><\/div><\/section>\n\n\n\n<section class=\"wp-block-solar-blog-post-content mt-blog-post-content mtSpacing-top-medium mtSpacing-bottom-medium\"><div class=\"mt-blog-post-content__inner page-container\"><div class=\"mt-blog-post-content__items wysiwyg\">\n<h2 class=\"wp-block-heading\">AXXON \u2013 UT\u00d6KA BEFINTLIG INSTALLATION MED GUARDANT DONGLE<\/h2>\n\n\n\n<p>Alla f\u00e4lt med * \u00e4r obligatoriska f\u00e4lt.<\/p>\n\n\n\n<div class=\"wp-block-contact-form-7-contact-form-selector\">\n<div class=\"wpcf7 no-js\" id=\"wpcf7-f130-o1\" lang=\"en-US\" dir=\"ltr\" data-wpcf7-id=\"130\">\n<div class=\"screen-reader-response\"><p role=\"status\" aria-live=\"polite\" aria-atomic=\"true\"><\/p> <ul><\/ul><\/div>\n<form action=\"\/sv\/wp-json\/wp\/v2\/pages\/127#wpcf7-f130-o1\" method=\"post\" class=\"wpcf7-form init\" aria-label=\"Contact form\" novalidate=\"novalidate\" data-status=\"init\">\n<fieldset class=\"hidden-fields-container\"><input type=\"hidden\" name=\"_wpcf7\" value=\"130\" \/><input type=\"hidden\" name=\"_wpcf7_version\" value=\"6.1.5\" \/><input type=\"hidden\" name=\"_wpcf7_locale\" value=\"en_US\" \/><input type=\"hidden\" name=\"_wpcf7_unit_tag\" value=\"wpcf7-f130-o1\" \/><input type=\"hidden\" name=\"_wpcf7_container_post\" value=\"0\" \/><input type=\"hidden\" name=\"_wpcf7_posted_data_hash\" value=\"\" \/>\n<\/fieldset>\n<div id=\"honey-validation\">\n<\/div>\n<div class=\"form-wrap\">\n\t<p class=\"form-wrap__title\">F\u00f6retagsinformation\n\t<\/p>\n\t<div class=\"input-wrap input-wrap--half-width\">\n\t\t<p><label> Solar best.nr.* <\/label><br \/>\n<span class=\"wpcf7-form-control-wrap\" data-name=\"your-ordrenr\"><input size=\"40\" maxlength=\"400\" class=\"wpcf7-form-control wpcf7-text wpcf7-validates-as-required\" aria-required=\"true\" aria-invalid=\"false\" value=\"\" type=\"text\" name=\"your-ordrenr\" \/><\/span>\n\t\t<\/p>\n\t<\/div>\n\t<div class=\"input-wrap input-wrap--half-width\">\n\t\t<p><label> F\u00f6retagsnamn* <\/label><br \/>\n<span class=\"wpcf7-form-control-wrap\" data-name=\"your-selskapsnavn\"><input size=\"40\" maxlength=\"400\" class=\"wpcf7-form-control wpcf7-text wpcf7-validates-as-required\" aria-required=\"true\" aria-invalid=\"false\" value=\"\" type=\"text\" name=\"your-selskapsnavn\" \/><\/span>\n\t\t<\/p>\n\t<\/div>\n\t<div class=\"input-wrap input-wrap--half-width\">\n\t\t<p><label> E-postadress* <\/label><br \/>\n<span class=\"wpcf7-form-control-wrap\" data-name=\"your-epostadresse\"><input size=\"40\" maxlength=\"400\" class=\"wpcf7-form-control wpcf7-email wpcf7-validates-as-required wpcf7-text wpcf7-validates-as-email\" aria-required=\"true\" aria-invalid=\"false\" value=\"\" type=\"email\" name=\"your-epostadresse\" \/><\/span>\n\t\t<\/p>\n\t<\/div>\n\t<div class=\"input-wrap input-wrap--half-width\">\n\t\t<p><label> Kontaktperson* <\/label><br \/>\n<span class=\"wpcf7-form-control-wrap\" data-name=\"your-kontaktperson\"><input size=\"40\" maxlength=\"400\" class=\"wpcf7-form-control wpcf7-text wpcf7-validates-as-required\" aria-required=\"true\" aria-invalid=\"false\" value=\"\" type=\"text\" name=\"your-kontaktperson\" \/><\/span>\n\t\t<\/p>\n\t<\/div>\n\t<div class=\"input-wrap\">\n\t\t<p><label> Kontaktperson telefonnr.* <\/label><br \/>\n<span class=\"wpcf7-form-control-wrap\" data-name=\"your-kontaktperson-tlf\"><input size=\"40\" maxlength=\"400\" class=\"wpcf7-form-control wpcf7-text wpcf7-validates-as-required\" aria-required=\"true\" aria-invalid=\"false\" value=\"\" type=\"text\" name=\"your-kontaktperson-tlf\" \/><\/span>\n\t\t<\/p>\n\t<\/div>\n\t<p class=\"form-wrap__title\"> Licensinformation\n\t<\/p>\n\t<div class=\"input-wrap\">\n\t\t<p><label> Slutkund* <\/label><br \/>\n<span class=\"wpcf7-form-control-wrap\" data-name=\"your-forbruker\"><input size=\"40\" maxlength=\"400\" class=\"wpcf7-form-control wpcf7-text wpcf7-validates-as-required\" aria-required=\"true\" aria-invalid=\"false\" value=\"\" type=\"text\" name=\"your-forbruker\" \/><\/span>\n\t\t<\/p>\n\t<\/div>\n\t<div class=\"input-wrap input-wrap--half-width\">\n\t\t<p><label> Dongle nr. p\u00e5 Server 1* <span><a href=\"https:\/\/sgdksikrpstg01.blob.core.windows.net\/fileshare\/24-7\/Hjaelpe%20dokumenter\/Axxon%20Next%20%E2%80%93%20Hvor%20findes%20Computernavn%20Licens%20serienummer.pdf\" target=\"_blank\">Hjelp?<\/a><\/span><\/label><br \/>\n<span class=\"wpcf7-form-control-wrap\" data-name=\"your-servernavn-1\"><input size=\"40\" maxlength=\"400\" class=\"wpcf7-form-control wpcf7-text wpcf7-validates-as-required\" aria-required=\"true\" aria-invalid=\"false\" value=\"\" type=\"text\" name=\"your-servernavn-1\" \/><\/span>\n\t\t<\/p>\n\t<\/div>\n\t<div class=\"input-wrap input-wrap--half-width\">\n\t\t<p><label> Ut\u00f6kas med antal licenser p\u00e5 Server 1* <span><a href=\"https:\/\/sgdksikrpstg01.blob.core.windows.net\/fileshare\/24-7\/Hjaelpe%20dokumenter\/Axxon%20Next%20%E2%80%93%20Hvor%20findes%20Computernavn%20Licens%20serienummer.pdf\" target=\"_blank\">Hjelp?<\/a><\/span><\/label><br \/>\n<span class=\"wpcf7-form-control-wrap\" data-name=\"your-licenser-server-1\"><input size=\"40\" maxlength=\"400\" class=\"wpcf7-form-control wpcf7-text wpcf7-validates-as-required\" aria-required=\"true\" aria-invalid=\"false\" value=\"\" type=\"text\" name=\"your-licenser-server-1\" \/><\/span>\n\t\t<\/p>\n\t<\/div>\n\t<div class=\"input-wrap input-wrap--half-width\">\n\t\t<p><label> Dongle nr. p\u00e5 Server 2 <span><a href=\"https:\/\/sgdksikrpstg01.blob.core.windows.net\/fileshare\/24-7\/Hjaelpe%20dokumenter\/Axxon%20Next%20%E2%80%93%20Hvor%20findes%20Computernavn%20Licens%20serienummer.pdf\" target=\"_blank\">Hjelp?<\/a><\/span><\/label><br \/>\n<span class=\"wpcf7-form-control-wrap\" data-name=\"your-servernavn-2\"><input size=\"40\" maxlength=\"400\" class=\"wpcf7-form-control wpcf7-text\" aria-invalid=\"false\" value=\"\" type=\"text\" name=\"your-servernavn-2\" \/><\/span>\n\t\t<\/p>\n\t<\/div>\n\t<div class=\"input-wrap input-wrap--half-width\">\n\t\t<p><label> Ut\u00f6kas med antal licenser p\u00e5 Server 2 <span><a href=\"https:\/\/sgdksikrpstg01.blob.core.windows.net\/fileshare\/24-7\/Hjaelpe%20dokumenter\/Axxon%20Next%20%E2%80%93%20Hvor%20findes%20Computernavn%20Licens%20serienummer.pdf\" target=\"_blank\">Hjelp?<\/a><\/span><\/label><br \/>\n<span class=\"wpcf7-form-control-wrap\" data-name=\"your-licenser-server-2\"><input size=\"40\" maxlength=\"400\" class=\"wpcf7-form-control wpcf7-text\" aria-invalid=\"false\" value=\"\" type=\"text\" name=\"your-licenser-server-2\" \/><\/span>\n\t\t<\/p>\n\t<\/div>\n\t<div class=\"input-wrap input-wrap--half-width\">\n\t\t<p><label> Dongle nr. p\u00e5 Server 3 <span><a href=\"https:\/\/sgdksikrpstg01.blob.core.windows.net\/fileshare\/24-7\/Hjaelpe%20dokumenter\/Axxon%20Next%20%E2%80%93%20Hvor%20findes%20Computernavn%20Licens%20serienummer.pdf\" target=\"_blank\">Hjelp?<\/a><\/span><\/label><br \/>\n<span class=\"wpcf7-form-control-wrap\" data-name=\"your-servernavn-3\"><input size=\"40\" maxlength=\"400\" class=\"wpcf7-form-control wpcf7-text\" aria-invalid=\"false\" value=\"\" type=\"text\" name=\"your-servernavn-3\" \/><\/span>\n\t\t<\/p>\n\t<\/div>\n\t<div class=\"input-wrap input-wrap--half-width\">\n\t\t<p><label> Ut\u00f6kas med antal licenser p\u00e5 Server 3 <span><a href=\"https:\/\/sgdksikrpstg01.blob.core.windows.net\/fileshare\/24-7\/Hjaelpe%20dokumenter\/Axxon%20Next%20%E2%80%93%20Hvor%20findes%20Computernavn%20Licens%20serienummer.pdf\" target=\"_blank\">Hjelp?<\/a><\/span><\/label><br \/>\n<span class=\"wpcf7-form-control-wrap\" data-name=\"your-licenser-server-3\"><input size=\"40\" maxlength=\"400\" class=\"wpcf7-form-control wpcf7-text\" aria-invalid=\"false\" value=\"\" type=\"text\" name=\"your-licenser-server-3\" \/><\/span>\n\t\t<\/p>\n\t<\/div>\n\t<div class=\"input-wrap input-wrap--half-width\">\n\t\t<p><label> Dongle nr. p\u00e5 Server 4 <span><a href=\"https:\/\/sgdksikrpstg01.blob.core.windows.net\/fileshare\/24-7\/Hjaelpe%20dokumenter\/Axxon%20Next%20%E2%80%93%20Hvor%20findes%20Computernavn%20Licens%20serienummer.pdf\" target=\"_blank\">Hjelp?<\/a><\/span><\/label><br \/>\n<span class=\"wpcf7-form-control-wrap\" data-name=\"your-servernavn-4\"><input size=\"40\" maxlength=\"400\" class=\"wpcf7-form-control wpcf7-text\" aria-invalid=\"false\" value=\"\" type=\"text\" name=\"your-servernavn-4\" \/><\/span>\n\t\t<\/p>\n\t<\/div>\n\t<div class=\"input-wrap input-wrap--half-width\">\n\t\t<p><label> Ut\u00f6kas med antal licenser p\u00e5 Server 4 <span><a href=\"https:\/\/sgdksikrpstg01.blob.core.windows.net\/fileshare\/24-7\/Hjaelpe%20dokumenter\/Axxon%20Next%20%E2%80%93%20Hvor%20findes%20Computernavn%20Licens%20serienummer.pdf\" target=\"_blank\">Hjelp?<\/a><\/span><\/label><br \/>\n<span class=\"wpcf7-form-control-wrap\" data-name=\"your-licenser-server-4\"><input size=\"40\" maxlength=\"400\" class=\"wpcf7-form-control wpcf7-text\" aria-invalid=\"false\" value=\"\" type=\"text\" name=\"your-licenser-server-4\" \/><\/span>\n\t\t<\/p>\n\t<\/div>\n\t<div class=\"input-wrap input-wrap--half-width\">\n\t\t<p><label> Dongle nr. p\u00e5 Server 5 <span><a href=\"https:\/\/sgdksikrpstg01.blob.core.windows.net\/fileshare\/24-7\/Hjaelpe%20dokumenter\/Axxon%20Next%20%E2%80%93%20Hvor%20findes%20Computernavn%20Licens%20serienummer.pdf\" target=\"_blank\">Hjelp?<\/a><\/span><\/label><br \/>\n<span class=\"wpcf7-form-control-wrap\" data-name=\"your-servernavn-5\"><input size=\"40\" maxlength=\"400\" class=\"wpcf7-form-control wpcf7-text\" aria-invalid=\"false\" value=\"\" type=\"text\" name=\"your-servernavn-5\" \/><\/span>\n\t\t<\/p>\n\t<\/div>\n\t<div class=\"input-wrap input-wrap--half-width\">\n\t\t<p><label> Ut\u00f6kas med antal licenser p\u00e5 Server 5 <span><a href=\"https:\/\/sgdksikrpstg01.blob.core.windows.net\/fileshare\/24-7\/Hjaelpe%20dokumenter\/Axxon%20Next%20%E2%80%93%20Hvor%20findes%20Computernavn%20Licens%20serienummer.pdf\" target=\"_blank\">Hjelp?<\/a><\/span><\/label><br \/>\n<span class=\"wpcf7-form-control-wrap\" data-name=\"your-licenser-server-5\"><input size=\"40\" maxlength=\"400\" class=\"wpcf7-form-control wpcf7-text\" aria-invalid=\"false\" value=\"\" type=\"text\" name=\"your-licenser-server-5\" \/><\/span>\n\t\t<\/p>\n\t<\/div>\n\t<div class=\"input-wrap input-wrap--half-width\">\n\t\t<p><label> Dongle nr. p\u00e5 Server 6 <span><a href=\"https:\/\/sgdksikrpstg01.blob.core.windows.net\/fileshare\/24-7\/Hjaelpe%20dokumenter\/Axxon%20Next%20%E2%80%93%20Hvor%20findes%20Computernavn%20Licens%20serienummer.pdf\" target=\"_blank\">Hjelp?<\/a><\/span><\/label><br \/>\n<span class=\"wpcf7-form-control-wrap\" data-name=\"your-servernavn-6\"><input size=\"40\" maxlength=\"400\" class=\"wpcf7-form-control wpcf7-text\" aria-invalid=\"false\" value=\"\" type=\"text\" name=\"your-servernavn-6\" \/><\/span>\n\t\t<\/p>\n\t<\/div>\n\t<div class=\"input-wrap input-wrap--half-width\">\n\t\t<p><label> Ut\u00f6kas med antal licenser p\u00e5 Server 6 <span><a href=\"https:\/\/sgdksikrpstg01.blob.core.windows.net\/fileshare\/24-7\/Hjaelpe%20dokumenter\/Axxon%20Next%20%E2%80%93%20Hvor%20findes%20Computernavn%20Licens%20serienummer.pdf\" target=\"_blank\">Hjelp?<\/a><\/span><\/label><br \/>\n<span class=\"wpcf7-form-control-wrap\" data-name=\"your-licenser-server-6\"><input size=\"40\" maxlength=\"400\" class=\"wpcf7-form-control wpcf7-text\" aria-invalid=\"false\" value=\"\" type=\"text\" name=\"your-licenser-server-6\" \/><\/span>\n\t\t<\/p>\n\t<\/div>\n\t<div class=\"input-wrap input-wrap--half-width\">\n\t\t<p><label> Dongle nr. p\u00e5 Server 7 <span><a href=\"https:\/\/sgdksikrpstg01.blob.core.windows.net\/fileshare\/24-7\/Hjaelpe%20dokumenter\/Axxon%20Next%20%E2%80%93%20Hvor%20findes%20Computernavn%20Licens%20serienummer.pdf\" target=\"_blank\">Hjelp?<\/a><\/span><\/label><br \/>\n<span class=\"wpcf7-form-control-wrap\" data-name=\"your-servernavn-7\"><input size=\"40\" maxlength=\"400\" class=\"wpcf7-form-control wpcf7-text\" aria-invalid=\"false\" value=\"\" type=\"text\" name=\"your-servernavn-7\" \/><\/span>\n\t\t<\/p>\n\t<\/div>\n\t<div class=\"input-wrap input-wrap--half-width\">\n\t\t<p><label> Ut\u00f6kas med antal licenser p\u00e5 Server 7 <span><a href=\"https:\/\/sgdksikrpstg01.blob.core.windows.net\/fileshare\/24-7\/Hjaelpe%20dokumenter\/Axxon%20Next%20%E2%80%93%20Hvor%20findes%20Computernavn%20Licens%20serienummer.pdf\" target=\"_blank\">Hjelp?<\/a><\/span><\/label><br \/>\n<span class=\"wpcf7-form-control-wrap\" data-name=\"your-licenser-server-7\"><input size=\"40\" maxlength=\"400\" class=\"wpcf7-form-control wpcf7-text\" aria-invalid=\"false\" value=\"\" type=\"text\" name=\"your-licenser-server-7\" \/><\/span>\n\t\t<\/p>\n\t<\/div>\n\t<div class=\"input-wrap input-wrap--half-width\">\n\t\t<p><label> Dongle nr. p\u00e5 Server 8 <span><a href=\"https:\/\/sgdksikrpstg01.blob.core.windows.net\/fileshare\/24-7\/Hjaelpe%20dokumenter\/Axxon%20Next%20%E2%80%93%20Hvor%20findes%20Computernavn%20Licens%20serienummer.pdf\" target=\"_blank\">Hjelp?<\/a><\/span><\/label><br \/>\n<span class=\"wpcf7-form-control-wrap\" data-name=\"your-servernavn-8\"><input size=\"40\" maxlength=\"400\" class=\"wpcf7-form-control wpcf7-text\" aria-invalid=\"false\" value=\"\" type=\"text\" name=\"your-servernavn-8\" \/><\/span>\n\t\t<\/p>\n\t<\/div>\n\t<div class=\"input-wrap input-wrap--half-width\">\n\t\t<p><label> Ut\u00f6kas med antal licenser p\u00e5 Server 8 <span><a href=\"https:\/\/sgdksikrpstg01.blob.core.windows.net\/fileshare\/24-7\/Hjaelpe%20dokumenter\/Axxon%20Next%20%E2%80%93%20Hvor%20findes%20Computernavn%20Licens%20serienummer.pdf\" target=\"_blank\">Hjelp?<\/a><\/span><\/label><br \/>\n<span class=\"wpcf7-form-control-wrap\" data-name=\"your-licenser-server-8\"><input size=\"40\" maxlength=\"400\" class=\"wpcf7-form-control wpcf7-text\" aria-invalid=\"false\" value=\"\" type=\"text\" name=\"your-licenser-server-8\" \/><\/span>\n\t\t<\/p>\n\t<\/div>\n\t<div class=\"input-wrap input-wrap--half-width\">\n\t\t<p><label> Dongle nr. p\u00e5 Server 9 <span><a href=\"https:\/\/sgdksikrpstg01.blob.core.windows.net\/fileshare\/24-7\/Hjaelpe%20dokumenter\/Axxon%20Next%20%E2%80%93%20Hvor%20findes%20Computernavn%20Licens%20serienummer.pdf\" target=\"_blank\">Hjelp?<\/a><\/span><\/label><br \/>\n<span class=\"wpcf7-form-control-wrap\" data-name=\"your-servernavn-9\"><input size=\"40\" maxlength=\"400\" class=\"wpcf7-form-control wpcf7-text\" aria-invalid=\"false\" value=\"\" type=\"text\" name=\"your-servernavn-9\" \/><\/span>\n\t\t<\/p>\n\t<\/div>\n\t<div class=\"input-wrap input-wrap--half-width\">\n\t\t<p><label> Ut\u00f6kas med antal licenser p\u00e5 Server 9 <span><a href=\"https:\/\/sgdksikrpstg01.blob.core.windows.net\/fileshare\/24-7\/Hjaelpe%20dokumenter\/Axxon%20Next%20%E2%80%93%20Hvor%20findes%20Computernavn%20Licens%20serienummer.pdf\" target=\"_blank\">Hjelp?<\/a><\/span><\/label><br \/>\n<span class=\"wpcf7-form-control-wrap\" data-name=\"your-licenser-server-9\"><input size=\"40\" maxlength=\"400\" class=\"wpcf7-form-control wpcf7-text\" aria-invalid=\"false\" value=\"\" type=\"text\" name=\"your-licenser-server-9\" \/><\/span>\n\t\t<\/p>\n\t<\/div>\n\t<div class=\"input-wrap input-wrap--half-width\">\n\t\t<p><label> Dongle nr. p\u00e5 Server 10 <span><a href=\"https:\/\/sgdksikrpstg01.blob.core.windows.net\/fileshare\/24-7\/Hjaelpe%20dokumenter\/Axxon%20Next%20%E2%80%93%20Hvor%20findes%20Computernavn%20Licens%20serienummer.pdf\" target=\"_blank\">Hjelp?<\/a><\/span><\/label><br \/>\n<span class=\"wpcf7-form-control-wrap\" data-name=\"your-servernavn-10\"><input size=\"40\" maxlength=\"400\" class=\"wpcf7-form-control wpcf7-text\" aria-invalid=\"false\" value=\"\" type=\"text\" name=\"your-servernavn-10\" \/><\/span>\n\t\t<\/p>\n\t<\/div>\n\t<div class=\"input-wrap input-wrap--half-width\">\n\t\t<p><label> Ut\u00f6kas med antal licenser p\u00e5 Server 10 <span><a href=\"https:\/\/sgdksikrpstg01.blob.core.windows.net\/fileshare\/24-7\/Hjaelpe%20dokumenter\/Axxon%20Next%20%E2%80%93%20Hvor%20findes%20Computernavn%20Licens%20serienummer.pdf\" target=\"_blank\">Hjelp?<\/a><\/span><\/label><br \/>\n<span class=\"wpcf7-form-control-wrap\" data-name=\"your-licenser-server-10\"><input size=\"40\" maxlength=\"400\" class=\"wpcf7-form-control wpcf7-text\" aria-invalid=\"false\" value=\"\" type=\"text\" name=\"your-licenser-server-10\" \/><\/span>\n\t\t<\/p>\n\t<\/div>\n\t<div class=\"textarea-wrap\">\n\t\t<p><label> Valfritt <\/label><br \/>\n<span class=\"wpcf7-form-control-wrap\" data-name=\"your-message\"><textarea cols=\"40\" rows=\"10\" maxlength=\"2000\" class=\"wpcf7-form-control wpcf7-textarea\" aria-invalid=\"false\" name=\"your-message\"><\/textarea><\/span>\n\t\t<\/p>\n\t<\/div>\n\t<div>\n\t<\/div>\n\t<p><input class=\"wpcf7-form-control wpcf7-submit has-spinner wp-block-button__link wp-element-button\" id=\"submit-contact-us\" type=\"submit\" value=\"Skicka\" \/>\n\t<\/p>\n<\/div><div class=\"wpcf7-response-output\" aria-hidden=\"true\"><\/div>\n<\/form>\n<\/div>\n<\/div>\n<\/div><\/div><\/section>\n","protected":false},"excerpt":{"rendered":"","protected":false},"author":1,"featured_media":0,"parent":0,"menu_order":0,"comment_status":"closed","ping_status":"closed","template":"","meta":{"_acf_changed":false,"footnotes":""},"class_list":["post-127","page","type-page","status-publish","hentry"],"acf":[],"_links":{"self":[{"href":"https:\/\/axxonsolar.net\/sv\/wp-json\/wp\/v2\/pages\/127","targetHints":{"allow":["GET"]}}],"collection":[{"href":"https:\/\/axxonsolar.net\/sv\/wp-json\/wp\/v2\/pages"}],"about":[{"href":"https:\/\/axxonsolar.net\/sv\/wp-json\/wp\/v2\/types\/page"}],"author":[{"embeddable":true,"href":"https:\/\/axxonsolar.net\/sv\/wp-json\/wp\/v2\/users\/1"}],"replies":[{"embeddable":true,"href":"https:\/\/axxonsolar.net\/sv\/wp-json\/wp\/v2\/comments?post=127"}],"version-history":[{"count":3,"href":"https:\/\/axxonsolar.net\/sv\/wp-json\/wp\/v2\/pages\/127\/revisions"}],"predecessor-version":[{"id":145,"href":"https:\/\/axxonsolar.net\/sv\/wp-json\/wp\/v2\/pages\/127\/revisions\/145"}],"wp:attachment":[{"href":"https:\/\/axxonsolar.net\/sv\/wp-json\/wp\/v2\/media?parent=127"}],"curies":[{"name":"wp","href":"https:\/\/api.w.org\/{rel}","templated":true}]}}