{"id":159,"date":"2024-07-11T12:45:29","date_gmt":"2024-07-11T10:45:29","guid":{"rendered":"https:\/\/axxonsolar.net\/?page_id=159"},"modified":"2024-07-11T13:46:43","modified_gmt":"2024-07-11T11:46:43","slug":"axxon-udvid-eksisterende-licens","status":"publish","type":"page","link":"https:\/\/axxonsolar.net\/sv\/axxon-udvid-eksisterende-licens\/","title":{"rendered":"Axxon udvid eksisterende licens"},"content":{"rendered":"\n<section class=\"wp-block-solar-sub-cover-slider mt-sub-cover-slider\"><div class=\"mt-sub-cover-slider__wrapper\"><div class=\"mt-sub-cover-slider__inner swiper\"><div class=\"swiper-wrapper\">\n<div class=\"wp-block-solar-sub-cover-slide mt-sub-cover-slide swiper-slide\"><div class=\"mt-sub-cover-slide__inner page-container\"><div class=\"mt-sub-cover-slide__content-container\"><p class=\"mt-sub-cover-slide__tagline tagline tagline--inverted\"><\/p><h1 class=\"mt-sub-cover-slide__title title title--inverted\">Solar Security<\/h1><p class=\"mt-sub-cover-slide__text\"><\/p><\/div><\/div><div class=\"mt-sub-cover-slide__media-container\"><div class=\"mt-sub-cover-slide__media-overlay\" style=\"opacity:0.5\"><\/div><img decoding=\"async\" src=\"https:\/\/axxonsolar.net\/wp-content\/uploads\/sites\/2\/2024\/07\/cropped-cropped-maxresdefault.jpg\" alt=\"\" class=\"mt-sub-cover-slide__image\"\/><\/div><\/div>\n<\/div><div class=\"mt-sub-cover-slider__controls\"><div class=\"mt-sub-cover-slider__controls-right\"><div class=\"swiper-pagination\"><\/div><\/div><\/div><\/div><\/div><\/section>\n\n\n\n<section class=\"wp-block-solar-icon-text-boxes mt-icon-text-boxes mt-icon-text-boxes--columns-3 mtSpacing-defaultHasBeenAdded-true mtSpacing-bottom-medium mtSpacing-top-small\"><div class=\"mt-icon-text-boxes__inner page-container\"><div class=\"mt-icon-text-boxes__text-wrapper\"><h2 class=\"mt-icon-text-boxes__title title title--h2\">AXXON \u2013 F\u00d6RL\u00c4NG BEFINTLIG LICENS<\/h2><p class=\"mt-icon-text-boxes__text\"><\/p><\/div><div class=\"mt-icon-text-boxes__items\">\n<div class=\"wp-block-solar-icon-text-box mt-icon-text-box\"><a class=\"mt-icon-text-box__link\" href=\"https:\/\/axxonsolar.net\/sv\/axxon-licens-bestilling-udvidelse\/\" target=\"_self\" rel=\"noopener\"><\/a><div class=\"mt-icon-text-box__text-wrapper\"><h4 class=\"mt-icon-text-box__title mt-title\">Med Guardant Dongle?<\/h4><p class=\"mt-icon-text-box__sub-title mt-wysiwyg\"><\/p><\/div><\/div>\n\n\n\n<div class=\"wp-block-solar-icon-text-box mt-icon-text-box\"><a class=\"mt-icon-text-box__link\" href=\"https:\/\/axxonsolar.net\/sv\/udvidelse-af-eksisterende-installation-uden-guardant-dongle\/\" target=\"_self\" rel=\"noopener\"><\/a><div class=\"mt-icon-text-box__text-wrapper\"><h4 class=\"mt-icon-text-box__title mt-title\">Utan Guardant Dongle?<\/h4><p class=\"mt-icon-text-box__sub-title mt-wysiwyg\"><\/p><\/div><\/div>\n\n\n\n<div class=\"wp-block-solar-icon-text-box mt-icon-text-box\"><a class=\"mt-icon-text-box__link\" href=\"https:\/\/axxonsolar.net\/sv\/axxon-udvidelse-af-eksisterende-installation-med-online-licens\/\" target=\"_self\" rel=\"noopener\"><\/a><div class=\"mt-icon-text-box__text-wrapper\"><h4 class=\"mt-icon-text-box__title mt-title\">Online licens?<\/h4><p class=\"mt-icon-text-box__sub-title mt-wysiwyg\"><\/p><\/div><\/div>\n<\/div><\/div><\/section>\n\n\n\n<section class=\"wp-block-solar-info-banner mt-info-banner mtSpacing-top-medium\"><div class=\"mt-info-banner__inner page-container\"><h3 class=\"mt-info-banner__title\"><strong><strong>Vi rekommenderar alltid att du anv\u00e4nder Guardant Dongle 9758837 f\u00f6r att undvika licensl\u00e5sning p\u00e5 grund av h\u00e5rdvaru\u00e4ndringar.<br>En licens utan en Guardant-dongel l\u00e5ser sig till datorn den \u00e4r installerad p\u00e5 och kan inte flyttas.<\/strong><\/strong><\/h3><p class=\"mt-info-banner__text\"><\/p><\/div><\/section>\n\n\n\n<section class=\"wp-block-morningmodules-text-media mt-text-media mt-text-media--align-media-left mt-text-media--align-media-mobile-bottom mtSpacing-top-medium mtSpacing-bottom-medium\"><div class=\"mt-text-media__inner\"><div class=\"mt-text-media__media-container\"><img decoding=\"async\" src=\"https:\/\/axxonsolar.net\/wp-content\/uploads\/sites\/2\/2024\/07\/one-news-main.png\" alt=\"\" style=\"object-position:19% 41%\"\/><\/div><div class=\"mt-text-media__text-container\"><span class=\"mt-text-media__tagline mt-tagline\"><\/span><h2 class=\"mt-text-media__title\"><strong>Licensuppgradering<\/strong><\/h2>\n<p>Uppgradera fr\u00e5n Axxon Next till Axxon One<\/p>\n\n\n\n<div class=\"wp-block-buttons is-layout-flex wp-block-buttons-is-layout-flex\">\n<div class=\"wp-block-button\"><a class=\"wp-block-button__link wp-element-button\" href=\"https:\/\/axxonsolar.net\/se\/axxon-opgradering-af-licens\/\">Uppgradera<\/a><\/div>\n<\/div>\n<\/div><\/div><\/section>\n","protected":false},"excerpt":{"rendered":"","protected":false},"author":1,"featured_media":0,"parent":0,"menu_order":0,"comment_status":"closed","ping_status":"closed","template":"","meta":{"_acf_changed":false,"footnotes":""},"class_list":["post-159","page","type-page","status-publish","hentry"],"acf":[],"_links":{"self":[{"href":"https:\/\/axxonsolar.net\/sv\/wp-json\/wp\/v2\/pages\/159","targetHints":{"allow":["GET"]}}],"collection":[{"href":"https:\/\/axxonsolar.net\/sv\/wp-json\/wp\/v2\/pages"}],"about":[{"href":"https:\/\/axxonsolar.net\/sv\/wp-json\/wp\/v2\/types\/page"}],"author":[{"embeddable":true,"href":"https:\/\/axxonsolar.net\/sv\/wp-json\/wp\/v2\/users\/1"}],"replies":[{"embeddable":true,"href":"https:\/\/axxonsolar.net\/sv\/wp-json\/wp\/v2\/comments?post=159"}],"version-history":[{"count":2,"href":"https:\/\/axxonsolar.net\/sv\/wp-json\/wp\/v2\/pages\/159\/revisions"}],"predecessor-version":[{"id":172,"href":"https:\/\/axxonsolar.net\/sv\/wp-json\/wp\/v2\/pages\/159\/revisions\/172"}],"wp:attachment":[{"href":"https:\/\/axxonsolar.net\/sv\/wp-json\/wp\/v2\/media?parent=159"}],"curies":[{"name":"wp","href":"https:\/\/api.w.org\/{rel}","templated":true}]}}